{"id":7,"date":"2021-08-28T20:59:34","date_gmt":"2021-08-28T20:59:34","guid":{"rendered":"https:\/\/juguetesteixido.com\/?page_id=7"},"modified":"2021-08-28T21:48:56","modified_gmt":"2021-08-28T21:48:56","slug":"about","status":"publish","type":"page","link":"https:\/\/juguetesteixido.com\/?page_id=7","title":{"rendered":"Sobre nosotros"},"content":{"rendered":"\n<p>Juguetes Teixid\u00f3 SL, es una empresa descendiente de Juguetes Teixid\u00f3 SCP. <\/p>\n\n\n\n<p>Somos una empresa con m\u00e1s de 100 a\u00f1os de historia. En sus inicios Juguetes Teixid\u00f3 SCP fabricaba soldaditos de plomo y fue medalla de plata en la exposici\u00f3n de Barcelona del 1929. <\/p>\n\n\n\n<p>Nuestros producto principal es la inyecci\u00f3n de pl\u00e1sticos para terceros. <\/p>\n\n\n\n<p>Fabricamos art\u00edculos de Belenes, tapas de pl\u00e1stico, tubos de cart\u00f3n con cierre met\u00e1lico estilo petaca y tubos guardapuzles. <\/p>\n\n\n\n<p>Estamos abiertos a recibir sus moldes para la inyecci\u00f3n de sus art\u00edculos sin importar la cantidad si nos traen sus moldes. Tambi\u00e9n ofrecemos la posibilidad de estudiar su proyecto y encontrar el mejor fabricante para el molde que usted quiera inyectar.<\/p>\n\n\n\n<p>No somos la empresa con la maquinaria m\u00e1s moderna del mercado, pero intentamos ser la m\u00e1s eficiente y cuidadosa con sus clientes, lo cual a nuestro entender es el mejor de los valores.<\/p>\n\n\n\n<p>Esperamos p\u00f3nganse en contacto con nosotros si les interesa nuestra oferta.<\/p>\n\n\n\n<p><\/p>\n\n\n\n<p>Atentamente<\/p>\n\n\n\n<p>Juguetes Teixid\u00f3 S.L.<\/p>\n","protected":false},"excerpt":{"rendered":"<p>Juguetes Teixid\u00f3 SL, es una empresa descendiente de Juguetes Teixid\u00f3 SCP. Somos una empresa con m\u00e1s de 100 a\u00f1os de historia. En sus inicios Juguetes Teixid\u00f3 SCP fabricaba soldaditos de plomo y fue medalla de plata en la exposici\u00f3n de Barcelona del 1929. Nuestros producto principal es la inyecci\u00f3n de pl\u00e1sticos para terceros. Fabricamos art\u00edculos [&hellip;]<\/p>\n","protected":false},"author":1,"featured_media":0,"parent":0,"menu_order":0,"comment_status":"closed","ping_status":"closed","template":"","meta":{"nf_dc_page":"","om_disable_all_campaigns":false,"_monsterinsights_skip_tracking":false,"_monsterinsights_sitenote_active":false,"_monsterinsights_sitenote_note":"","_monsterinsights_sitenote_category":0,"footnotes":""},"class_list":["post-7","page","type-page","status-publish","hentry","entry"],"aioseo_notices":[],"jetpack-related-posts":[],"jetpack_sharing_enabled":true,"_links":{"self":[{"href":"https:\/\/juguetesteixido.com\/index.php?rest_route=\/wp\/v2\/pages\/7","targetHints":{"allow":["GET"]}}],"collection":[{"href":"https:\/\/juguetesteixido.com\/index.php?rest_route=\/wp\/v2\/pages"}],"about":[{"href":"https:\/\/juguetesteixido.com\/index.php?rest_route=\/wp\/v2\/types\/page"}],"author":[{"embeddable":true,"href":"https:\/\/juguetesteixido.com\/index.php?rest_route=\/wp\/v2\/users\/1"}],"replies":[{"embeddable":true,"href":"https:\/\/juguetesteixido.com\/index.php?rest_route=%2Fwp%2Fv2%2Fcomments&post=7"}],"version-history":[{"count":4,"href":"https:\/\/juguetesteixido.com\/index.php?rest_route=\/wp\/v2\/pages\/7\/revisions"}],"predecessor-version":[{"id":28,"href":"https:\/\/juguetesteixido.com\/index.php?rest_route=\/wp\/v2\/pages\/7\/revisions\/28"}],"wp:attachment":[{"href":"https:\/\/juguetesteixido.com\/index.php?rest_route=%2Fwp%2Fv2%2Fmedia&parent=7"}],"curies":[{"name":"wp","href":"https:\/\/api.w.org\/{rel}","templated":true}]}}